{"id":85428,"date":"2025-05-02T10:59:18","date_gmt":"2025-05-02T08:59:18","guid":{"rendered":"https:\/\/youarehere.se\/case\/no-inclusive\/"},"modified":"2025-07-10T16:07:56","modified_gmt":"2025-07-10T14:07:56","slug":"no-inclusive","status":"publish","type":"page","link":"https:\/\/youarehere.se\/en\/case\/no-inclusive\/","title":{"rendered":"No inclusive"},"content":{"rendered":"<div class=\"wpb-content-wrapper\"><p>[vc_row unlock_row_content=&#8221;yes&#8221; row_height_percent=&#8221;50&#8243; back_color=&#8221;color-lxmt&#8221; back_image=&#8221;85308&#8243; back_repeat=&#8221;no-repeat&#8221; back_position=&#8221;center center&#8221; overlay_color=&#8221;color-201686&#8243; overlay_alpha=&#8221;66&#8243; gutter_size=&#8221;3&#8243; column_width_percent=&#8221;100&#8243; shift_y=&#8221;0&#8243; z_index=&#8221;0&#8243; mobile_visibility=&#8221;yes&#8221; content_parallax=&#8221;0&#8243; uncode_shortcode_id=&#8221;194342&#8243; back_size=&#8221;cover&#8221; back_color_type=&#8221;uncode-palette&#8221; overlay_color_type=&#8221;uncode-palette&#8221;][vc_column column_width_percent=&#8221;100&#8243; gutter_size=&#8221;3&#8243; style=&#8221;dark&#8221; overlay_alpha=&#8221;50&#8243; shift_x=&#8221;0&#8243; shift_y=&#8221;0&#8243; shift_y_down=&#8221;0&#8243; z_index=&#8221;0&#8243; medium_width=&#8221;0&#8243; mobile_width=&#8221;0&#8243; width=&#8221;1\/1&#8243; uncode_shortcode_id=&#8221;154932&#8243;][vc_empty_space empty_h=&#8221;5&#8243;][vc_empty_space empty_h=&#8221;5&#8243;][vc_custom_heading heading_semantic=&#8221;h1&#8243; text_size=&#8221;&#8221; uncode_shortcode_id=&#8221;204649&#8243; el_class=&#8221;case-header&#8221;]No inclusive[\/vc_custom_heading][\/vc_column][\/vc_row][vc_row unlock_row_content=&#8221;yes&#8221; row_height_percent=&#8221;50&#8243; back_color=&#8221;color-lxmt&#8221; back_image=&#8221;85310&#8243; back_repeat=&#8221;no-repeat&#8221; back_position=&#8221;center center&#8221; overlay_color=&#8221;color-201686&#8243; overlay_alpha=&#8221;66&#8243; gutter_size=&#8221;3&#8243; column_width_percent=&#8221;100&#8243; shift_y=&#8221;0&#8243; z_index=&#8221;0&#8243; desktop_visibility=&#8221;yes&#8221; medium_visibility=&#8221;yes&#8221; content_parallax=&#8221;0&#8243; uncode_shortcode_id=&#8221;211038&#8243; back_color_type=&#8221;uncode-palette&#8221; back_size=&#8221;cover&#8221; overlay_color_type=&#8221;uncode-palette&#8221;][vc_column column_width_percent=&#8221;100&#8243; gutter_size=&#8221;3&#8243; style=&#8221;dark&#8221; overlay_alpha=&#8221;50&#8243; shift_x=&#8221;0&#8243; shift_y=&#8221;0&#8243; shift_y_down=&#8221;0&#8243; z_index=&#8221;0&#8243; medium_width=&#8221;0&#8243; mobile_width=&#8221;0&#8243; width=&#8221;1\/1&#8243; uncode_shortcode_id=&#8221;288918&#8243;][vc_empty_space empty_h=&#8221;5&#8243;][vc_empty_space empty_h=&#8221;5&#8243;][vc_custom_heading heading_semantic=&#8221;h1&#8243; text_size=&#8221;&#8221; uncode_shortcode_id=&#8221;157222&#8243; el_class=&#8221;case-header&#8221;]No inclusive[\/vc_custom_heading][\/vc_column][\/vc_row][vc_row unlock_row_content=&#8221;yes&#8221; row_height_percent=&#8221;0&#8243; override_padding=&#8221;yes&#8221; h_padding=&#8221;3&#8243; top_padding=&#8221;3&#8243; bottom_padding=&#8221;2&#8243; back_color=&#8221;color-xsdn&#8221; overlay_alpha=&#8221;50&#8243; equal_height=&#8221;yes&#8221; gutter_size=&#8221;4&#8243; column_width_percent=&#8221;100&#8243; shift_y=&#8221;0&#8243; z_index=&#8221;0&#8243; content_parallax=&#8221;0&#8243; uncode_shortcode_id=&#8221;612738&#8243; back_color_type=&#8221;uncode-palette&#8221;][vc_column column_width_percent=&#8221;100&#8243; gutter_size=&#8221;3&#8243; overlay_alpha=&#8221;50&#8243; shift_x=&#8221;0&#8243; shift_y=&#8221;0&#8243; shift_y_down=&#8221;0&#8243; z_index=&#8221;0&#8243; medium_width=&#8221;0&#8243; mobile_width=&#8221;0&#8243; width=&#8221;1\/2&#8243; uncode_shortcode_id=&#8221;184726&#8243;][vc_row_inner row_inner_height_percent=&#8221;0&#8243; overlay_alpha=&#8221;50&#8243; gutter_size=&#8221;0&#8243; shift_y=&#8221;0&#8243; z_index=&#8221;0&#8243; limit_content=&#8221;&#8221; uncode_shortcode_id=&#8221;150802&#8243;][vc_column_inner column_width_percent=&#8221;100&#8243; gutter_size=&#8221;3&#8243; overlay_alpha=&#8221;50&#8243; shift_x=&#8221;0&#8243; shift_y=&#8221;0&#8243; shift_y_down=&#8221;0&#8243; z_index=&#8221;0&#8243; medium_width=&#8221;2&#8243; mobile_width=&#8221;0&#8243; width=&#8221;1\/4&#8243; uncode_shortcode_id=&#8221;921324&#8243;][vc_column_text text_lead=&#8221;yes&#8221; uncode_shortcode_id=&#8221;105540&#8243;]<strong>Client<\/strong>[\/vc_column_text][\/vc_column_inner][vc_column_inner column_width_percent=&#8221;100&#8243; gutter_size=&#8221;3&#8243; overlay_alpha=&#8221;50&#8243; shift_x=&#8221;0&#8243; shift_y=&#8221;0&#8243; shift_y_down=&#8221;0&#8243; z_index=&#8221;0&#8243; medium_width=&#8221;4&#8243; mobile_width=&#8221;0&#8243; width=&#8221;3\/4&#8243; uncode_shortcode_id=&#8221;132130&#8243;][vc_column_text text_lead=&#8221;yes&#8221; uncode_shortcode_id=&#8221;209458&#8243;]Nyk\u00f6ping municipality[\/vc_column_text][\/vc_column_inner][\/vc_row_inner][vc_separator sep_color=&#8221;&#8221; desktop_visibility=&#8221;yes&#8221; uncode_shortcode_id=&#8221;185518&#8243;][vc_row_inner row_inner_height_percent=&#8221;0&#8243; overlay_alpha=&#8221;50&#8243; gutter_size=&#8221;0&#8243; shift_y=&#8221;0&#8243; z_index=&#8221;0&#8243; desktop_visibility=&#8221;yes&#8221; medium_visibility=&#8221;yes&#8221; mobile_visibility=&#8221;yes&#8221; limit_content=&#8221;&#8221; uncode_shortcode_id=&#8221;130674&#8243;][vc_column_inner column_width_percent=&#8221;100&#8243; gutter_size=&#8221;3&#8243; overlay_alpha=&#8221;50&#8243; shift_x=&#8221;0&#8243; shift_y=&#8221;0&#8243; shift_y_down=&#8221;0&#8243; z_index=&#8221;0&#8243; medium_width=&#8221;2&#8243; mobile_width=&#8221;0&#8243; width=&#8221;1\/4&#8243; uncode_shortcode_id=&#8221;921324&#8243;][vc_column_text text_lead=&#8221;yes&#8221; uncode_shortcode_id=&#8221;651873&#8243;]&lt;strong&gt;Inset&lt;\/strong&gt;[\/vc_column_text][vc_empty_space empty_h=&#8221;0&#8243;][\/vc_column_inner][vc_column_inner column_width_percent=&#8221;100&#8243; position_horizontal=&#8221;left&#8221; gutter_size=&#8221;3&#8243; overlay_alpha=&#8221;50&#8243; shift_x=&#8221;0&#8243; shift_y=&#8221;0&#8243; shift_y_down=&#8221;0&#8243; z_index=&#8221;0&#8243; medium_width=&#8221;4&#8243; mobile_width=&#8221;0&#8243; width=&#8221;3\/4&#8243; uncode_shortcode_id=&#8221;228791&#8243;][\/vc_column_inner][\/vc_row_inner][\/vc_column][vc_column width=&#8221;1\/2&#8243;][vc_column_text text_lead=&#8221;yes&#8221; uncode_shortcode_id=&#8221;154339&#8243;]Advertising becomes more thought-provoking when you find something to take issue with. It may be a phenomenon or convention that needs to be challenged. For example, by working with visual expressions that arouse a certain type of expectation, but then turning this around with the help of strong argumentation.  <\/p>\n<p>The key is to trust that the target audience wants to think, be challenged and draw their own conclusions<\/p>\n<p>Nyk\u00f6pingsguiden is Nyk\u00f6ping municipality&#8217;s visitor guide. Here are 1000s of experiences close at hand. With a summer campaign, the municipality wanted to attract more tourists from Stockholm, S\u00f6rmland and \u00d6sterg\u00f6tland.  <\/p>\n<p>By playing with the language and offers of the charter companies, we captured the attention of the target audiences &#8211; something to &#8220;rail against&#8221; and compare themselves to. In the copy, we provoke thought in the viewer with questions like &#8220;Does luxury always have to cost the earth?&#8221;, &#8220;Why should others package your trip?&#8221; And &#8220;Does everything have to be so organized?&#8221;.<\/p>\n<p>When we carry a larger thought and reflection with us, the communication lives longer.[\/vc_column_text][\/vc_column][\/vc_row][vc_row unlock_row_content=&#8221;yes&#8221; row_height_percent=&#8221;0&#8243; overlay_alpha=&#8221;50&#8243; gutter_size=&#8221;3&#8243; column_width_percent=&#8221;100&#8243; shift_y=&#8221;0&#8243; z_index=&#8221;0&#8243; content_parallax=&#8221;0&#8243; uncode_shortcode_id=&#8221;550800&#8243; el_class=&#8221;case-border-radius&#8221;][vc_column column_width_percent=&#8221;100&#8243; position_vertical=&#8221;middle&#8221; gutter_size=&#8221;3&#8243; overlay_alpha=&#8221;50&#8243; shift_x=&#8221;0&#8243; shift_y=&#8221;0&#8243; shift_y_fixed=&#8221;yes&#8221; shift_y_down=&#8221;0&#8243; z_index=&#8221;0&#8243; medium_width=&#8221;0&#8243; mobile_width=&#8221;0&#8243; width=&#8221;1\/1&#8243; uncode_shortcode_id=&#8221;166419&#8243;][vc_single_image media=&#8221;85300&#8243; media_width_percent=&#8221;100&#8243; uncode_shortcode_id=&#8221;159463&#8243;][\/vc_column][\/vc_row][vc_row unlock_row_content=&#8221;yes&#8221; row_height_percent=&#8221;0&#8243; override_padding=&#8221;yes&#8221; h_padding=&#8221;2&#8243; top_padding=&#8221;0&#8243; bottom_padding=&#8221;2&#8243; overlay_alpha=&#8221;50&#8243; gutter_size=&#8221;3&#8243; column_width_percent=&#8221;100&#8243; shift_y=&#8221;0&#8243; z_index=&#8221;0&#8243; content_parallax=&#8221;0&#8243; uncode_shortcode_id=&#8221;163200&#8243; el_class=&#8221;case-border-radius&#8221;][vc_column column_width_percent=&#8221;100&#8243; position_vertical=&#8221;middle&#8221; gutter_size=&#8221;3&#8243; overlay_alpha=&#8221;50&#8243; shift_x=&#8221;0&#8243; shift_y=&#8221;0&#8243; shift_y_fixed=&#8221;yes&#8221; shift_y_down=&#8221;0&#8243; z_index=&#8221;0&#8243; medium_width=&#8221;0&#8243; mobile_width=&#8221;0&#8243; width=&#8221;1\/2&#8243; uncode_shortcode_id=&#8221;166419&#8243;][vc_single_image media=&#8221;85304&#8243; media_width_percent=&#8221;100&#8243; uncode_shortcode_id=&#8221;182838&#8243;][\/vc_column][vc_column width=&#8221;1\/2&#8243;][vc_single_image media=&#8221;85306&#8243; media_width_percent=&#8221;100&#8243; uncode_shortcode_id=&#8221;188429&#8243;][\/vc_column][\/vc_row]<\/p>\n<\/div>","protected":false},"excerpt":{"rendered":"<p>Handpick your own holiday experiences<\/p>\n","protected":false},"author":3,"featured_media":85308,"parent":84229,"menu_order":0,"comment_status":"closed","ping_status":"closed","template":"","meta":{"footnotes":""},"class_list":["post-85428","page","type-page","status-publish","has-post-thumbnail","hentry","page_category-case-en","page_category-start-en"],"yoast_head":"<!-- This site is optimized with the Yoast SEO plugin v27.2 - https:\/\/yoast.com\/product\/yoast-seo-wordpress\/ -->\n<title>No inclusive &#8211; You Are Here<\/title>\n<meta name=\"robots\" content=\"index, follow, max-snippet:-1, max-image-preview:large, max-video-preview:-1\" \/>\n<link rel=\"canonical\" href=\"https:\/\/youarehere.se\/en\/case\/no-inclusive\/\" \/>\n<meta property=\"og:locale\" content=\"en_US\" \/>\n<meta property=\"og:type\" content=\"article\" \/>\n<meta property=\"og:title\" content=\"No inclusive &#8211; You Are Here\" \/>\n<meta property=\"og:description\" content=\"Handpick your own holiday experiences\" \/>\n<meta property=\"og:url\" content=\"https:\/\/youarehere.se\/en\/case\/no-inclusive\/\" \/>\n<meta property=\"og:site_name\" content=\"You Are Here\" \/>\n<meta property=\"article:modified_time\" content=\"2025-07-10T14:07:56+00:00\" \/>\n<meta property=\"og:image\" content=\"https:\/\/youarehere.se\/wp-content\/uploads\/2025\/04\/Destinationskampanj-16-7-ub-scaled.jpg\" \/>\n\t<meta property=\"og:image:width\" content=\"2560\" \/>\n\t<meta property=\"og:image:height\" content=\"1120\" \/>\n\t<meta property=\"og:image:type\" content=\"image\/jpeg\" \/>\n<meta name=\"twitter:card\" content=\"summary_large_image\" \/>\n<meta name=\"twitter:label1\" content=\"Est. reading time\" \/>\n\t<meta name=\"twitter:data1\" content=\"5 minutes\" \/>\n<script type=\"application\/ld+json\" class=\"yoast-schema-graph\">{\"@context\":\"https:\/\/schema.org\",\"@graph\":[{\"@type\":\"WebPage\",\"@id\":\"https:\/\/youarehere.se\/en\/case\/no-inclusive\/\",\"url\":\"https:\/\/youarehere.se\/en\/case\/no-inclusive\/\",\"name\":\"No inclusive &#8211; You Are Here\",\"isPartOf\":{\"@id\":\"https:\/\/youarehere.se\/en\/#website\"},\"primaryImageOfPage\":{\"@id\":\"https:\/\/youarehere.se\/en\/case\/no-inclusive\/#primaryimage\"},\"image\":{\"@id\":\"https:\/\/youarehere.se\/en\/case\/no-inclusive\/#primaryimage\"},\"thumbnailUrl\":\"https:\/\/youarehere.se\/wp-content\/uploads\/2025\/04\/Destinationskampanj-16-7-ub-scaled.jpg\",\"datePublished\":\"2025-05-02T08:59:18+00:00\",\"dateModified\":\"2025-07-10T14:07:56+00:00\",\"breadcrumb\":{\"@id\":\"https:\/\/youarehere.se\/en\/case\/no-inclusive\/#breadcrumb\"},\"inLanguage\":\"en-US\",\"potentialAction\":[{\"@type\":\"ReadAction\",\"target\":[\"https:\/\/youarehere.se\/en\/case\/no-inclusive\/\"]}]},{\"@type\":\"ImageObject\",\"inLanguage\":\"en-US\",\"@id\":\"https:\/\/youarehere.se\/en\/case\/no-inclusive\/#primaryimage\",\"url\":\"https:\/\/youarehere.se\/wp-content\/uploads\/2025\/04\/Destinationskampanj-16-7-ub-scaled.jpg\",\"contentUrl\":\"https:\/\/youarehere.se\/wp-content\/uploads\/2025\/04\/Destinationskampanj-16-7-ub-scaled.jpg\",\"width\":2560,\"height\":1120},{\"@type\":\"BreadcrumbList\",\"@id\":\"https:\/\/youarehere.se\/en\/case\/no-inclusive\/#breadcrumb\",\"itemListElement\":[{\"@type\":\"ListItem\",\"position\":1,\"name\":\"Hem\",\"item\":\"https:\/\/youarehere.se\/en\/you-are-here-start\/\"},{\"@type\":\"ListItem\",\"position\":2,\"name\":\"Case\",\"item\":\"https:\/\/youarehere.se\/en\/case\/\"},{\"@type\":\"ListItem\",\"position\":3,\"name\":\"No inclusive\"}]},{\"@type\":\"WebSite\",\"@id\":\"https:\/\/youarehere.se\/en\/#website\",\"url\":\"https:\/\/youarehere.se\/en\/\",\"name\":\"You Are Here\",\"description\":\"\",\"publisher\":{\"@id\":\"https:\/\/youarehere.se\/en\/#organization\"},\"potentialAction\":[{\"@type\":\"SearchAction\",\"target\":{\"@type\":\"EntryPoint\",\"urlTemplate\":\"https:\/\/youarehere.se\/en\/?s={search_term_string}\"},\"query-input\":{\"@type\":\"PropertyValueSpecification\",\"valueRequired\":true,\"valueName\":\"search_term_string\"}}],\"inLanguage\":\"en-US\"},{\"@type\":\"Organization\",\"@id\":\"https:\/\/youarehere.se\/en\/#organization\",\"name\":\"You Are Here\",\"url\":\"https:\/\/youarehere.se\/en\/\",\"logo\":{\"@type\":\"ImageObject\",\"inLanguage\":\"en-US\",\"@id\":\"https:\/\/youarehere.se\/en\/#\/schema\/logo\/image\/\",\"url\":\"https:\/\/youarehere.se\/wp-content\/uploads\/2019\/10\/youarehere-logo.png\",\"contentUrl\":\"https:\/\/youarehere.se\/wp-content\/uploads\/2019\/10\/youarehere-logo.png\",\"width\":1015,\"height\":1015,\"caption\":\"You Are Here\"},\"image\":{\"@id\":\"https:\/\/youarehere.se\/en\/#\/schema\/logo\/image\/\"}}]}<\/script>\n<!-- \/ Yoast SEO plugin. -->","yoast_head_json":{"title":"No inclusive &#8211; You Are Here","robots":{"index":"index","follow":"follow","max-snippet":"max-snippet:-1","max-image-preview":"max-image-preview:large","max-video-preview":"max-video-preview:-1"},"canonical":"https:\/\/youarehere.se\/en\/case\/no-inclusive\/","og_locale":"en_US","og_type":"article","og_title":"No inclusive &#8211; You Are Here","og_description":"Handpick your own holiday experiences","og_url":"https:\/\/youarehere.se\/en\/case\/no-inclusive\/","og_site_name":"You Are Here","article_modified_time":"2025-07-10T14:07:56+00:00","og_image":[{"width":2560,"height":1120,"url":"https:\/\/youarehere.se\/wp-content\/uploads\/2025\/04\/Destinationskampanj-16-7-ub-scaled.jpg","type":"image\/jpeg"}],"twitter_card":"summary_large_image","twitter_misc":{"Est. reading time":"5 minutes"},"schema":{"@context":"https:\/\/schema.org","@graph":[{"@type":"WebPage","@id":"https:\/\/youarehere.se\/en\/case\/no-inclusive\/","url":"https:\/\/youarehere.se\/en\/case\/no-inclusive\/","name":"No inclusive &#8211; You Are Here","isPartOf":{"@id":"https:\/\/youarehere.se\/en\/#website"},"primaryImageOfPage":{"@id":"https:\/\/youarehere.se\/en\/case\/no-inclusive\/#primaryimage"},"image":{"@id":"https:\/\/youarehere.se\/en\/case\/no-inclusive\/#primaryimage"},"thumbnailUrl":"https:\/\/youarehere.se\/wp-content\/uploads\/2025\/04\/Destinationskampanj-16-7-ub-scaled.jpg","datePublished":"2025-05-02T08:59:18+00:00","dateModified":"2025-07-10T14:07:56+00:00","breadcrumb":{"@id":"https:\/\/youarehere.se\/en\/case\/no-inclusive\/#breadcrumb"},"inLanguage":"en-US","potentialAction":[{"@type":"ReadAction","target":["https:\/\/youarehere.se\/en\/case\/no-inclusive\/"]}]},{"@type":"ImageObject","inLanguage":"en-US","@id":"https:\/\/youarehere.se\/en\/case\/no-inclusive\/#primaryimage","url":"https:\/\/youarehere.se\/wp-content\/uploads\/2025\/04\/Destinationskampanj-16-7-ub-scaled.jpg","contentUrl":"https:\/\/youarehere.se\/wp-content\/uploads\/2025\/04\/Destinationskampanj-16-7-ub-scaled.jpg","width":2560,"height":1120},{"@type":"BreadcrumbList","@id":"https:\/\/youarehere.se\/en\/case\/no-inclusive\/#breadcrumb","itemListElement":[{"@type":"ListItem","position":1,"name":"Hem","item":"https:\/\/youarehere.se\/en\/you-are-here-start\/"},{"@type":"ListItem","position":2,"name":"Case","item":"https:\/\/youarehere.se\/en\/case\/"},{"@type":"ListItem","position":3,"name":"No inclusive"}]},{"@type":"WebSite","@id":"https:\/\/youarehere.se\/en\/#website","url":"https:\/\/youarehere.se\/en\/","name":"You Are Here","description":"","publisher":{"@id":"https:\/\/youarehere.se\/en\/#organization"},"potentialAction":[{"@type":"SearchAction","target":{"@type":"EntryPoint","urlTemplate":"https:\/\/youarehere.se\/en\/?s={search_term_string}"},"query-input":{"@type":"PropertyValueSpecification","valueRequired":true,"valueName":"search_term_string"}}],"inLanguage":"en-US"},{"@type":"Organization","@id":"https:\/\/youarehere.se\/en\/#organization","name":"You Are Here","url":"https:\/\/youarehere.se\/en\/","logo":{"@type":"ImageObject","inLanguage":"en-US","@id":"https:\/\/youarehere.se\/en\/#\/schema\/logo\/image\/","url":"https:\/\/youarehere.se\/wp-content\/uploads\/2019\/10\/youarehere-logo.png","contentUrl":"https:\/\/youarehere.se\/wp-content\/uploads\/2019\/10\/youarehere-logo.png","width":1015,"height":1015,"caption":"You Are Here"},"image":{"@id":"https:\/\/youarehere.se\/en\/#\/schema\/logo\/image\/"}}]}},"_links":{"self":[{"href":"https:\/\/youarehere.se\/en\/wp-json\/wp\/v2\/pages\/85428","targetHints":{"allow":["GET"]}}],"collection":[{"href":"https:\/\/youarehere.se\/en\/wp-json\/wp\/v2\/pages"}],"about":[{"href":"https:\/\/youarehere.se\/en\/wp-json\/wp\/v2\/types\/page"}],"author":[{"embeddable":true,"href":"https:\/\/youarehere.se\/en\/wp-json\/wp\/v2\/users\/3"}],"replies":[{"embeddable":true,"href":"https:\/\/youarehere.se\/en\/wp-json\/wp\/v2\/comments?post=85428"}],"version-history":[{"count":2,"href":"https:\/\/youarehere.se\/en\/wp-json\/wp\/v2\/pages\/85428\/revisions"}],"predecessor-version":[{"id":85430,"href":"https:\/\/youarehere.se\/en\/wp-json\/wp\/v2\/pages\/85428\/revisions\/85430"}],"up":[{"embeddable":true,"href":"https:\/\/youarehere.se\/en\/wp-json\/wp\/v2\/pages\/84229"}],"wp:featuredmedia":[{"embeddable":true,"href":"https:\/\/youarehere.se\/en\/wp-json\/wp\/v2\/media\/85308"}],"wp:attachment":[{"href":"https:\/\/youarehere.se\/en\/wp-json\/wp\/v2\/media?parent=85428"}],"curies":[{"name":"wp","href":"https:\/\/api.w.org\/{rel}","templated":true}]}}